{"id":466,"date":"2025-09-19T02:22:13","date_gmt":"2025-09-19T02:22:13","guid":{"rendered":"https:\/\/oreal.vn\/?page_id=466"},"modified":"2026-03-22T08:57:03","modified_gmt":"2026-03-22T08:57:03","slug":"event-newsletter","status":"publish","type":"page","link":"https:\/\/www.statusparty.jp\/vietnam\/en\/event-newsletter\/","title":{"rendered":"Event newsletter"},"content":{"rendered":"\n\t<section class=\"section\" id=\"section_906318458\">\n\t\t<div class=\"section-bg fill\" >\n\t\t\t\t\t\t\t\t\t\n\t\t\t\n\n\t\t<\/div>\n\n\t\t\n\n\t\t<div class=\"section-content relative\">\n\t\t\t\n<div class=\"row\"  id=\"row-883406888\">\n\n\t<div id=\"col-1493417028\" class=\"col medium-9 small-12 large-9\"  >\n\t\t\t\t<div class=\"col-inner\"  >\n\t\t\t\n\t\t\t\n<div class=\"container section-title-container sec-title2 title-none mb-0\" ><h3 class=\"section-title section-title-normal\"><b aria-hidden=\"true\"><\/b><span class=\"section-title-main\" >Event newsletter<\/span><b aria-hidden=\"true\"><\/b><\/h3><\/div>\n\t<div id=\"text-2982552128\" class=\"text\">\n\t\t\n<h3 class=\"mb-0\">Event Report<\/h3>\n\t\t\n<style>\n#text-2982552128 {\n  color: rgb(0,0,0);\n}\n#text-2982552128 > * {\n  color: rgb(0,0,0);\n}\n<\/style>\n\t<\/div>\n\t\n\t<div id=\"gap-995641382\" class=\"gap-element clearfix\" style=\"display:block; height:auto;\">\n\t\t\n<style>\n#gap-995641382 {\n  padding-top: 50px;\n}\n<\/style>\n\t<\/div>\n\t\n\n  \n    <div class=\"row large-columns-3 medium-columns-1 small-columns-1\" >\n  <div class=\"col post-item\" >\n\t\t\t<div class=\"col-inner\">\n\t\t\t\t<div class=\"box box-normal box-text-bottom box-blog-post has-hover\">\n            \t\t\t\t\t<div class=\"box-image\" >\n  \t\t\t\t\t\t<div class=\"image-zoom image-cover\" style=\"padding-top:56.25%;\">\n\t\t\t\t\t\t\t<a href=\"https:\/\/www.statusparty.jp\/vietnam\/ja\/%e3%80%90hcm%e3%80%914%e6%9c%8818%e6%97%a5%e5%9c%9f8%e7%b5%84%e3%82%ab%e3%83%83%e3%83%97%e3%83%ab%e8%aa%95%e7%94%9f%ef%bc%81%e7%b7%8f%e5%8b%a262%e5%90%8d%e6%9d%a5%e5%a0%b4%e2%98%85%e3%82%b7%e3%83%b3\/\" class=\"plain\" aria-label=\"\u3010HCM\u30114\u670818\u65e5(\u571f)8\u7d44\u30ab\u30c3\u30d7\u30eb\u8a95\u751f\uff01\u7dcf\u52e262\u540d\u6765\u5834\u2605\u30b7\u30f3\u30b0\u30ebPARTY\u958b\u50ac\ud83c\udf77\">\n\t\t\t\t\t\t\t\t<img loading=\"lazy\" decoding=\"async\" width=\"1080\" height=\"721\" src=\"https:\/\/www.statusparty.jp\/vietnam\/wp-content\/uploads\/2026\/05\/1.png\" class=\"attachment-original size-original wp-post-image\" alt=\"\" srcset=\"https:\/\/www.statusparty.jp\/vietnam\/wp-content\/uploads\/2026\/05\/1.png 1080w, https:\/\/www.statusparty.jp\/vietnam\/wp-content\/uploads\/2026\/05\/1-300x200.png 300w, https:\/\/www.statusparty.jp\/vietnam\/wp-content\/uploads\/2026\/05\/1-1024x684.png 1024w, https:\/\/www.statusparty.jp\/vietnam\/wp-content\/uploads\/2026\/05\/1-768x513.png 768w\" sizes=\"auto, (max-width: 1080px) 100vw, 1080px\" \/>\t\t\t\t\t\t\t<\/a>\n  \t\t\t\t\t\t\t  \t\t\t\t\t\t\t  \t\t\t\t\t\t<\/div>\n  \t\t\t\t\t\t  \t\t\t\t\t<\/div>\n          \t\t\t\t\t<div class=\"box-text text-left\" >\n\t\t\t\t\t<div class=\"box-text-inner blog-post-inner\">\n\n\t\t\t\t\t\n\t\t\t\t\t\t\t\t\t\t<h5 class=\"post-title is-large \">\n\t\t\t\t\t\t<a href=\"https:\/\/www.statusparty.jp\/vietnam\/ja\/%e3%80%90hcm%e3%80%914%e6%9c%8818%e6%97%a5%e5%9c%9f8%e7%b5%84%e3%82%ab%e3%83%83%e3%83%97%e3%83%ab%e8%aa%95%e7%94%9f%ef%bc%81%e7%b7%8f%e5%8b%a262%e5%90%8d%e6%9d%a5%e5%a0%b4%e2%98%85%e3%82%b7%e3%83%b3\/\" class=\"plain\">\u3010HCM\u30114\u670818\u65e5(\u571f)8\u7d44\u30ab\u30c3\u30d7\u30eb\u8a95\u751f\uff01\u7dcf\u52e262\u540d\u6765\u5834\u2605\u30b7\u30f3\u30b0\u30ebPARTY\u958b\u50ac\ud83c\udf77<\/a>\n\t\t\t\t\t<\/h5>\n\t\t\t\t\t<div class=\"post-meta is-small op-8\">01\/05\/2026<\/div>\t\t\t\t\t<div class=\"is-divider\"><\/div>\n\t\t\t\t\t                    \n\t\t\t\t\t\n\t\t\t\t\t\n\t\t\t\t\t<\/div>\n\t\t\t\t\t<\/div>\n\t\t\t\t\t\t\t\t\t<\/div>\n\t\t\t<\/div>\n\t\t<\/div><div class=\"col post-item\" >\n\t\t\t<div class=\"col-inner\">\n\t\t\t\t<div class=\"box box-normal box-text-bottom box-blog-post has-hover\">\n            \t\t\t\t\t<div class=\"box-image\" >\n  \t\t\t\t\t\t<div class=\"image-zoom image-cover\" style=\"padding-top:56.25%;\">\n\t\t\t\t\t\t\t<a href=\"https:\/\/www.statusparty.jp\/vietnam\/en\/%e3%80%90hcm%e3%80%91singles-party-held-62-participants-8-couples-matched-%f0%9f%8d%b7\/\" class=\"plain\" aria-label=\"\u3010HCM\u3011Singles Party Held \u2013 62 Participants, 8 Couples Matched! \ud83c\udf77\">\n\t\t\t\t\t\t\t\t<img loading=\"lazy\" decoding=\"async\" width=\"1080\" height=\"721\" src=\"https:\/\/www.statusparty.jp\/vietnam\/wp-content\/uploads\/2026\/05\/1.png\" class=\"attachment-original size-original wp-post-image\" alt=\"\" srcset=\"https:\/\/www.statusparty.jp\/vietnam\/wp-content\/uploads\/2026\/05\/1.png 1080w, https:\/\/www.statusparty.jp\/vietnam\/wp-content\/uploads\/2026\/05\/1-300x200.png 300w, https:\/\/www.statusparty.jp\/vietnam\/wp-content\/uploads\/2026\/05\/1-1024x684.png 1024w, https:\/\/www.statusparty.jp\/vietnam\/wp-content\/uploads\/2026\/05\/1-768x513.png 768w\" sizes=\"auto, (max-width: 1080px) 100vw, 1080px\" \/>\t\t\t\t\t\t\t<\/a>\n  \t\t\t\t\t\t\t  \t\t\t\t\t\t\t  \t\t\t\t\t\t<\/div>\n  \t\t\t\t\t\t  \t\t\t\t\t<\/div>\n          \t\t\t\t\t<div class=\"box-text text-left\" >\n\t\t\t\t\t<div class=\"box-text-inner blog-post-inner\">\n\n\t\t\t\t\t\n\t\t\t\t\t\t\t\t\t\t<h5 class=\"post-title is-large \">\n\t\t\t\t\t\t<a href=\"https:\/\/www.statusparty.jp\/vietnam\/en\/%e3%80%90hcm%e3%80%91singles-party-held-62-participants-8-couples-matched-%f0%9f%8d%b7\/\" class=\"plain\">\u3010HCM\u3011Singles Party Held \u2013 62 Participants, 8 Couples Matched! \ud83c\udf77<\/a>\n\t\t\t\t\t<\/h5>\n\t\t\t\t\t<div class=\"post-meta is-small op-8\">01\/05\/2026<\/div>\t\t\t\t\t<div class=\"is-divider\"><\/div>\n\t\t\t\t\t                    \n\t\t\t\t\t\n\t\t\t\t\t\n\t\t\t\t\t<\/div>\n\t\t\t\t\t<\/div>\n\t\t\t\t\t\t\t\t\t<\/div>\n\t\t\t<\/div>\n\t\t<\/div><div class=\"col post-item\" >\n\t\t\t<div class=\"col-inner\">\n\t\t\t\t<div class=\"box box-normal box-text-bottom box-blog-post has-hover\">\n            \t\t\t\t\t<div class=\"box-image\" >\n  \t\t\t\t\t\t<div class=\"image-zoom image-cover\" style=\"padding-top:56.25%;\">\n\t\t\t\t\t\t\t<a href=\"https:\/\/www.statusparty.jp\/vietnam\/%e3%80%90hcm%e3%80%91to-chuc-thanh-cong-tiec-danh-cho-nguoi-doc-than-62-khach-tham-du-8-cap-doi-duoc-ket-noi-%f0%9f%8d%b7\/\" class=\"plain\" aria-label=\"\u3010HCM\u3011T\u1ed5 ch\u1ee9c th\u00e0nh c\u00f4ng ti\u1ec7c d\u00e0nh cho ng\u01b0\u1eddi \u0111\u1ed9c th\u00e2n \u2013 62 kh\u00e1ch tham d\u1ef1, 8 c\u1eb7p \u0111\u00f4i \u0111\u01b0\u1ee3c k\u1ebft n\u1ed1i! \ud83c\udf77\">\n\t\t\t\t\t\t\t\t<img loading=\"lazy\" decoding=\"async\" width=\"1080\" height=\"721\" src=\"https:\/\/www.statusparty.jp\/vietnam\/wp-content\/uploads\/2026\/05\/1.png\" class=\"attachment-original size-original wp-post-image\" alt=\"\" srcset=\"https:\/\/www.statusparty.jp\/vietnam\/wp-content\/uploads\/2026\/05\/1.png 1080w, https:\/\/www.statusparty.jp\/vietnam\/wp-content\/uploads\/2026\/05\/1-300x200.png 300w, https:\/\/www.statusparty.jp\/vietnam\/wp-content\/uploads\/2026\/05\/1-1024x684.png 1024w, https:\/\/www.statusparty.jp\/vietnam\/wp-content\/uploads\/2026\/05\/1-768x513.png 768w\" sizes=\"auto, (max-width: 1080px) 100vw, 1080px\" \/>\t\t\t\t\t\t\t<\/a>\n  \t\t\t\t\t\t\t  \t\t\t\t\t\t\t  \t\t\t\t\t\t<\/div>\n  \t\t\t\t\t\t  \t\t\t\t\t<\/div>\n          \t\t\t\t\t<div class=\"box-text text-left\" >\n\t\t\t\t\t<div class=\"box-text-inner blog-post-inner\">\n\n\t\t\t\t\t\n\t\t\t\t\t\t\t\t\t\t<h5 class=\"post-title is-large \">\n\t\t\t\t\t\t<a href=\"https:\/\/www.statusparty.jp\/vietnam\/%e3%80%90hcm%e3%80%91to-chuc-thanh-cong-tiec-danh-cho-nguoi-doc-than-62-khach-tham-du-8-cap-doi-duoc-ket-noi-%f0%9f%8d%b7\/\" class=\"plain\">\u3010HCM\u3011T\u1ed5 ch\u1ee9c th\u00e0nh c\u00f4ng ti\u1ec7c d\u00e0nh cho ng\u01b0\u1eddi \u0111\u1ed9c th\u00e2n \u2013 62 kh\u00e1ch tham d\u1ef1, 8 c\u1eb7p \u0111\u00f4i \u0111\u01b0\u1ee3c k\u1ebft n\u1ed1i! \ud83c\udf77<\/a>\n\t\t\t\t\t<\/h5>\n\t\t\t\t\t<div class=\"post-meta is-small op-8\">01\/05\/2026<\/div>\t\t\t\t\t<div class=\"is-divider\"><\/div>\n\t\t\t\t\t                    \n\t\t\t\t\t\n\t\t\t\t\t\n\t\t\t\t\t<\/div>\n\t\t\t\t\t<\/div>\n\t\t\t\t\t\t\t\t\t<\/div>\n\t\t\t<\/div>\n\t\t<\/div><div class=\"col post-item\" >\n\t\t\t<div class=\"col-inner\">\n\t\t\t\t<div class=\"box box-normal box-text-bottom box-blog-post has-hover\">\n            \t\t\t\t\t<div class=\"box-image\" >\n  \t\t\t\t\t\t<div class=\"image-zoom image-cover\" style=\"padding-top:56.25%;\">\n\t\t\t\t\t\t\t<a href=\"https:\/\/www.statusparty.jp\/vietnam\/en\/hcm-april-12-sat-9-couples-matched-singles-party-held\/\" class=\"plain\" aria-label=\"[HCM] April 12 (Sat): 9 Couples Matched! Singles Party Held!\">\n\t\t\t\t\t\t\t\t<img loading=\"lazy\" decoding=\"async\" width=\"1080\" height=\"752\" src=\"https:\/\/www.statusparty.jp\/vietnam\/wp-content\/uploads\/2026\/04\/IMG_4031.jpg\" class=\"attachment-original size-original wp-post-image\" alt=\"\" srcset=\"https:\/\/www.statusparty.jp\/vietnam\/wp-content\/uploads\/2026\/04\/IMG_4031.jpg 1080w, https:\/\/www.statusparty.jp\/vietnam\/wp-content\/uploads\/2026\/04\/IMG_4031-300x209.jpg 300w, https:\/\/www.statusparty.jp\/vietnam\/wp-content\/uploads\/2026\/04\/IMG_4031-1024x713.jpg 1024w, https:\/\/www.statusparty.jp\/vietnam\/wp-content\/uploads\/2026\/04\/IMG_4031-768x535.jpg 768w\" sizes=\"auto, (max-width: 1080px) 100vw, 1080px\" \/>\t\t\t\t\t\t\t<\/a>\n  \t\t\t\t\t\t\t  \t\t\t\t\t\t\t  \t\t\t\t\t\t<\/div>\n  \t\t\t\t\t\t  \t\t\t\t\t<\/div>\n          \t\t\t\t\t<div class=\"box-text text-left\" >\n\t\t\t\t\t<div class=\"box-text-inner blog-post-inner\">\n\n\t\t\t\t\t\n\t\t\t\t\t\t\t\t\t\t<h5 class=\"post-title is-large \">\n\t\t\t\t\t\t<a href=\"https:\/\/www.statusparty.jp\/vietnam\/en\/hcm-april-12-sat-9-couples-matched-singles-party-held\/\" class=\"plain\">[HCM] April 12 (Sat): 9 Couples Matched! Singles Party Held!<\/a>\n\t\t\t\t\t<\/h5>\n\t\t\t\t\t<div class=\"post-meta is-small op-8\">26\/04\/2026<\/div>\t\t\t\t\t<div class=\"is-divider\"><\/div>\n\t\t\t\t\t                    \n\t\t\t\t\t\n\t\t\t\t\t\n\t\t\t\t\t<\/div>\n\t\t\t\t\t<\/div>\n\t\t\t\t\t\t\t\t\t<\/div>\n\t\t\t<\/div>\n\t\t<\/div><div class=\"col post-item\" >\n\t\t\t<div class=\"col-inner\">\n\t\t\t\t<div class=\"box box-normal box-text-bottom box-blog-post has-hover\">\n            \t\t\t\t\t<div class=\"box-image\" >\n  \t\t\t\t\t\t<div class=\"image-zoom image-cover\" style=\"padding-top:56.25%;\">\n\t\t\t\t\t\t\t<a href=\"https:\/\/www.statusparty.jp\/vietnam\/ja\/%e3%80%90hcm%e3%80%914%e6%9c%8812%e6%97%a5%e5%9c%9f9%e7%b5%84%e3%82%ab%e3%83%83%e3%83%97%e3%83%ab%e8%aa%95%e7%94%9f%ef%bc%81%e3%82%b7%e3%83%b3%e3%82%b0%e3%83%abparty%e9%96%8b%e5%82%ac%ef%bc%81-2\/\" class=\"plain\" aria-label=\"\u3010HCM\u30114\u670812\u65e5(\u571f)9\u7d44\u30ab\u30c3\u30d7\u30eb\u8a95\u751f\uff01\u30b7\u30f3\u30b0\u30ebPARTY\u958b\u50ac\uff01\">\n\t\t\t\t\t\t\t\t<img loading=\"lazy\" decoding=\"async\" width=\"1080\" height=\"752\" src=\"https:\/\/www.statusparty.jp\/vietnam\/wp-content\/uploads\/2026\/04\/IMG_4031.jpg\" class=\"attachment-original size-original wp-post-image\" alt=\"\" srcset=\"https:\/\/www.statusparty.jp\/vietnam\/wp-content\/uploads\/2026\/04\/IMG_4031.jpg 1080w, https:\/\/www.statusparty.jp\/vietnam\/wp-content\/uploads\/2026\/04\/IMG_4031-300x209.jpg 300w, https:\/\/www.statusparty.jp\/vietnam\/wp-content\/uploads\/2026\/04\/IMG_4031-1024x713.jpg 1024w, https:\/\/www.statusparty.jp\/vietnam\/wp-content\/uploads\/2026\/04\/IMG_4031-768x535.jpg 768w\" sizes=\"auto, (max-width: 1080px) 100vw, 1080px\" \/>\t\t\t\t\t\t\t<\/a>\n  \t\t\t\t\t\t\t  \t\t\t\t\t\t\t  \t\t\t\t\t\t<\/div>\n  \t\t\t\t\t\t  \t\t\t\t\t<\/div>\n          \t\t\t\t\t<div class=\"box-text text-left\" >\n\t\t\t\t\t<div class=\"box-text-inner blog-post-inner\">\n\n\t\t\t\t\t\n\t\t\t\t\t\t\t\t\t\t<h5 class=\"post-title is-large \">\n\t\t\t\t\t\t<a href=\"https:\/\/www.statusparty.jp\/vietnam\/ja\/%e3%80%90hcm%e3%80%914%e6%9c%8812%e6%97%a5%e5%9c%9f9%e7%b5%84%e3%82%ab%e3%83%83%e3%83%97%e3%83%ab%e8%aa%95%e7%94%9f%ef%bc%81%e3%82%b7%e3%83%b3%e3%82%b0%e3%83%abparty%e9%96%8b%e5%82%ac%ef%bc%81-2\/\" class=\"plain\">\u3010HCM\u30114\u670812\u65e5(\u571f)9\u7d44\u30ab\u30c3\u30d7\u30eb\u8a95\u751f\uff01\u30b7\u30f3\u30b0\u30ebPARTY\u958b\u50ac\uff01<\/a>\n\t\t\t\t\t<\/h5>\n\t\t\t\t\t<div class=\"post-meta is-small op-8\">26\/04\/2026<\/div>\t\t\t\t\t<div class=\"is-divider\"><\/div>\n\t\t\t\t\t                    \n\t\t\t\t\t\n\t\t\t\t\t\n\t\t\t\t\t<\/div>\n\t\t\t\t\t<\/div>\n\t\t\t\t\t\t\t\t\t<\/div>\n\t\t\t<\/div>\n\t\t<\/div><div class=\"col post-item\" >\n\t\t\t<div class=\"col-inner\">\n\t\t\t\t<div class=\"box box-normal box-text-bottom box-blog-post has-hover\">\n            \t\t\t\t\t<div class=\"box-image\" >\n  \t\t\t\t\t\t<div class=\"image-zoom image-cover\" style=\"padding-top:56.25%;\">\n\t\t\t\t\t\t\t<a href=\"https:\/\/www.statusparty.jp\/vietnam\/%e3%80%90hcm%e3%80%914%e6%9c%8812%e6%97%a5%e5%9c%9f9%e7%b5%84%e3%82%ab%e3%83%83%e3%83%97%e3%83%ab%e8%aa%95%e7%94%9f%ef%bc%81%e3%82%b7%e3%83%b3%e3%82%b0%e3%83%abparty%e9%96%8b%e5%82%ac%ef%bc%81\/\" class=\"plain\" aria-label=\"[HCM] Ng\u00e0y 12\/4 (Th\u1ee9 B\u1ea3y): 9 c\u1eb7p \u0111\u00f4i \u0111\u00e3 th\u00e0nh \u0111\u00f4i! Ti\u1ec7c d\u00e0nh cho ng\u01b0\u1eddi \u0111\u1ed9c th\u00e2n \u0111\u00e3 \u0111\u01b0\u1ee3c t\u1ed5 ch\u1ee9c!\">\n\t\t\t\t\t\t\t\t<img loading=\"lazy\" decoding=\"async\" width=\"1080\" height=\"752\" src=\"https:\/\/www.statusparty.jp\/vietnam\/wp-content\/uploads\/2026\/04\/IMG_4031.jpg\" class=\"attachment-original size-original wp-post-image\" alt=\"\" srcset=\"https:\/\/www.statusparty.jp\/vietnam\/wp-content\/uploads\/2026\/04\/IMG_4031.jpg 1080w, https:\/\/www.statusparty.jp\/vietnam\/wp-content\/uploads\/2026\/04\/IMG_4031-300x209.jpg 300w, https:\/\/www.statusparty.jp\/vietnam\/wp-content\/uploads\/2026\/04\/IMG_4031-1024x713.jpg 1024w, https:\/\/www.statusparty.jp\/vietnam\/wp-content\/uploads\/2026\/04\/IMG_4031-768x535.jpg 768w\" sizes=\"auto, (max-width: 1080px) 100vw, 1080px\" \/>\t\t\t\t\t\t\t<\/a>\n  \t\t\t\t\t\t\t  \t\t\t\t\t\t\t  \t\t\t\t\t\t<\/div>\n  \t\t\t\t\t\t  \t\t\t\t\t<\/div>\n          \t\t\t\t\t<div class=\"box-text text-left\" >\n\t\t\t\t\t<div class=\"box-text-inner blog-post-inner\">\n\n\t\t\t\t\t\n\t\t\t\t\t\t\t\t\t\t<h5 class=\"post-title is-large \">\n\t\t\t\t\t\t<a href=\"https:\/\/www.statusparty.jp\/vietnam\/%e3%80%90hcm%e3%80%914%e6%9c%8812%e6%97%a5%e5%9c%9f9%e7%b5%84%e3%82%ab%e3%83%83%e3%83%97%e3%83%ab%e8%aa%95%e7%94%9f%ef%bc%81%e3%82%b7%e3%83%b3%e3%82%b0%e3%83%abparty%e9%96%8b%e5%82%ac%ef%bc%81\/\" class=\"plain\">[HCM] Ng\u00e0y 12\/4 (Th\u1ee9 B\u1ea3y): 9 c\u1eb7p \u0111\u00f4i \u0111\u00e3 th\u00e0nh \u0111\u00f4i! Ti\u1ec7c d\u00e0nh cho ng\u01b0\u1eddi \u0111\u1ed9c th\u00e2n \u0111\u00e3 \u0111\u01b0\u1ee3c t\u1ed5 ch\u1ee9c!<\/a>\n\t\t\t\t\t<\/h5>\n\t\t\t\t\t<div class=\"post-meta is-small op-8\">26\/04\/2026<\/div>\t\t\t\t\t<div class=\"is-divider\"><\/div>\n\t\t\t\t\t                    \n\t\t\t\t\t\n\t\t\t\t\t\n\t\t\t\t\t<\/div>\n\t\t\t\t\t<\/div>\n\t\t\t\t\t\t\t\t\t<\/div>\n\t\t\t<\/div>\n\t\t<\/div><div class=\"col post-item\" >\n\t\t\t<div class=\"col-inner\">\n\t\t\t\t<div class=\"box box-normal box-text-bottom box-blog-post has-hover\">\n            \t\t\t\t\t<div class=\"box-image\" >\n  \t\t\t\t\t\t<div class=\"image-zoom image-cover\" style=\"padding-top:56.25%;\">\n\t\t\t\t\t\t\t<a href=\"https:\/\/www.statusparty.jp\/vietnam\/ja\/%e3%80%90hcm%e3%80%913%e6%9c%8822%e6%97%a5%e6%97%a5%e2%98%95%ef%b8%8f%e3%82%b7%e3%83%b3%e3%82%b0%e3%83%ab%e9%99%90%e5%ae%9aparty%e3%82%92%e3%82%aa%e3%82%b7%e3%83%a3%e3%83%ac%e3%82%ab%e3%83%95\/\" class=\"plain\" aria-label=\"\u3010HCM\u30113\u670822\u65e5(\u65e5)\u2615\ufe0f\u30b7\u30f3\u30b0\u30eb\u9650\u5b9aPARTY\u3092\u30aa\u30b7\u30e3\u30ec\u30ab\u30d5\u30a7\u3067\u958b\u50ac\u3057\u307e\u3057\u305f\uff01\">\n\t\t\t\t\t\t\t\t<img loading=\"lazy\" decoding=\"async\" width=\"1080\" height=\"721\" src=\"https:\/\/www.statusparty.jp\/vietnam\/wp-content\/uploads\/2026\/04\/810_1671.jpg\" class=\"attachment-original size-original wp-post-image\" alt=\"\" srcset=\"https:\/\/www.statusparty.jp\/vietnam\/wp-content\/uploads\/2026\/04\/810_1671.jpg 1080w, https:\/\/www.statusparty.jp\/vietnam\/wp-content\/uploads\/2026\/04\/810_1671-300x200.jpg 300w, https:\/\/www.statusparty.jp\/vietnam\/wp-content\/uploads\/2026\/04\/810_1671-1024x684.jpg 1024w, https:\/\/www.statusparty.jp\/vietnam\/wp-content\/uploads\/2026\/04\/810_1671-768x513.jpg 768w\" sizes=\"auto, (max-width: 1080px) 100vw, 1080px\" \/>\t\t\t\t\t\t\t<\/a>\n  \t\t\t\t\t\t\t  \t\t\t\t\t\t\t  \t\t\t\t\t\t<\/div>\n  \t\t\t\t\t\t  \t\t\t\t\t<\/div>\n          \t\t\t\t\t<div class=\"box-text text-left\" >\n\t\t\t\t\t<div class=\"box-text-inner blog-post-inner\">\n\n\t\t\t\t\t\n\t\t\t\t\t\t\t\t\t\t<h5 class=\"post-title is-large \">\n\t\t\t\t\t\t<a href=\"https:\/\/www.statusparty.jp\/vietnam\/ja\/%e3%80%90hcm%e3%80%913%e6%9c%8822%e6%97%a5%e6%97%a5%e2%98%95%ef%b8%8f%e3%82%b7%e3%83%b3%e3%82%b0%e3%83%ab%e9%99%90%e5%ae%9aparty%e3%82%92%e3%82%aa%e3%82%b7%e3%83%a3%e3%83%ac%e3%82%ab%e3%83%95\/\" class=\"plain\">\u3010HCM\u30113\u670822\u65e5(\u65e5)\u2615\ufe0f\u30b7\u30f3\u30b0\u30eb\u9650\u5b9aPARTY\u3092\u30aa\u30b7\u30e3\u30ec\u30ab\u30d5\u30a7\u3067\u958b\u50ac\u3057\u307e\u3057\u305f\uff01<\/a>\n\t\t\t\t\t<\/h5>\n\t\t\t\t\t<div class=\"post-meta is-small op-8\">06\/04\/2026<\/div>\t\t\t\t\t<div class=\"is-divider\"><\/div>\n\t\t\t\t\t                    \n\t\t\t\t\t\n\t\t\t\t\t\n\t\t\t\t\t<\/div>\n\t\t\t\t\t<\/div>\n\t\t\t\t\t\t\t\t\t<\/div>\n\t\t\t<\/div>\n\t\t<\/div><div class=\"col post-item\" >\n\t\t\t<div class=\"col-inner\">\n\t\t\t\t<div class=\"box box-normal box-text-bottom box-blog-post has-hover\">\n            \t\t\t\t\t<div class=\"box-image\" >\n  \t\t\t\t\t\t<div class=\"image-zoom image-cover\" style=\"padding-top:56.25%;\">\n\t\t\t\t\t\t\t<a href=\"https:\/\/www.statusparty.jp\/vietnam\/en\/hcm-march-22-sun-%e2%98%95%ef%b8%8f-singles-only-party-at-a-stylish-cafe\/\" class=\"plain\" aria-label=\"[HCM] March 22 (Sun) \u2615\ufe0f Singles-Only Party at a Stylish Caf\u00e9!\">\n\t\t\t\t\t\t\t\t<img loading=\"lazy\" decoding=\"async\" width=\"1080\" height=\"721\" src=\"https:\/\/www.statusparty.jp\/vietnam\/wp-content\/uploads\/2026\/04\/810_1671.jpg\" class=\"attachment-original size-original wp-post-image\" alt=\"\" srcset=\"https:\/\/www.statusparty.jp\/vietnam\/wp-content\/uploads\/2026\/04\/810_1671.jpg 1080w, https:\/\/www.statusparty.jp\/vietnam\/wp-content\/uploads\/2026\/04\/810_1671-300x200.jpg 300w, https:\/\/www.statusparty.jp\/vietnam\/wp-content\/uploads\/2026\/04\/810_1671-1024x684.jpg 1024w, https:\/\/www.statusparty.jp\/vietnam\/wp-content\/uploads\/2026\/04\/810_1671-768x513.jpg 768w\" sizes=\"auto, (max-width: 1080px) 100vw, 1080px\" \/>\t\t\t\t\t\t\t<\/a>\n  \t\t\t\t\t\t\t  \t\t\t\t\t\t\t  \t\t\t\t\t\t<\/div>\n  \t\t\t\t\t\t  \t\t\t\t\t<\/div>\n          \t\t\t\t\t<div class=\"box-text text-left\" >\n\t\t\t\t\t<div class=\"box-text-inner blog-post-inner\">\n\n\t\t\t\t\t\n\t\t\t\t\t\t\t\t\t\t<h5 class=\"post-title is-large \">\n\t\t\t\t\t\t<a href=\"https:\/\/www.statusparty.jp\/vietnam\/en\/hcm-march-22-sun-%e2%98%95%ef%b8%8f-singles-only-party-at-a-stylish-cafe\/\" class=\"plain\">[HCM] March 22 (Sun) \u2615\ufe0f Singles-Only Party at a Stylish Caf\u00e9!<\/a>\n\t\t\t\t\t<\/h5>\n\t\t\t\t\t<div class=\"post-meta is-small op-8\">06\/04\/2026<\/div>\t\t\t\t\t<div class=\"is-divider\"><\/div>\n\t\t\t\t\t                    \n\t\t\t\t\t\n\t\t\t\t\t\n\t\t\t\t\t<\/div>\n\t\t\t\t\t<\/div>\n\t\t\t\t\t\t\t\t\t<\/div>\n\t\t\t<\/div>\n\t\t<\/div><\/div>\n\t\t<\/div>\n\t\t\t\t\t<\/div>\n\n\t\n\n\t<div id=\"col-1431371793\" class=\"col medium-3 small-12 large-3\"  >\n\t\t\t\t<div class=\"col-inner\"  >\n\t\t\t\n\t\t\t\n<ul class=\"sidebar-wrapper ul-reset\"><aside id=\"categories-2\" class=\"widget widget_categories\"><span class=\"widget-title \"><span>Danh m\u1ee5c b\u00e0i vi\u1ebft<\/span><\/span><div class=\"is-divider small\"><\/div>\n\t\t\t<ul>\n\t\t\t\t\t<li class=\"cat-item cat-item-1\"><a href=\"https:\/\/www.statusparty.jp\/vietnam\/category\/chua-phan-loai\/\">Ch\u01b0a ph\u00e2n lo\u1ea1i<\/a> (9)\n<\/li>\n\t<li class=\"cat-item cat-item-21\"><a href=\"https:\/\/www.statusparty.jp\/vietnam\/ja\/category\/chua-phan-loai-ja\/\">Ch\u01b0a ph\u00e2n lo\u1ea1i<\/a> (9)\n<\/li>\n\t<li class=\"cat-item cat-item-8\"><a href=\"https:\/\/www.statusparty.jp\/vietnam\/en\/category\/uncategorized\/\">Uncategorized<\/a> (9)\n<\/li>\n\t\t\t<\/ul>\n\n\t\t\t<\/aside><aside id=\"categories-3\" class=\"widget widget_categories\"><span class=\"widget-title \"><span>List of articles<\/span><\/span><div class=\"is-divider small\"><\/div>\n\t\t\t<ul>\n\t\t\t\t\t<li class=\"cat-item cat-item-1\"><a href=\"https:\/\/www.statusparty.jp\/vietnam\/category\/chua-phan-loai\/\">Ch\u01b0a ph\u00e2n lo\u1ea1i<\/a> (9)\n<\/li>\n\t<li class=\"cat-item cat-item-21\"><a href=\"https:\/\/www.statusparty.jp\/vietnam\/ja\/category\/chua-phan-loai-ja\/\">Ch\u01b0a ph\u00e2n lo\u1ea1i<\/a> (9)\n<\/li>\n\t<li class=\"cat-item cat-item-8\"><a href=\"https:\/\/www.statusparty.jp\/vietnam\/en\/category\/uncategorized\/\">Uncategorized<\/a> (9)\n<\/li>\n\t\t\t<\/ul>\n\n\t\t\t<\/aside><\/ul>\n\t\t<\/div>\n\t\t\t\t\t<\/div>\n\n\t\n<\/div>\n\t\t<\/div>\n\n\t\t\n<style>\n#section_906318458 {\n  padding-top: 50px;\n  padding-bottom: 50px;\n}\n<\/style>\n\t<\/section>\n\t\n","protected":false},"excerpt":{"rendered":"","protected":false},"author":1,"featured_media":0,"parent":0,"menu_order":0,"comment_status":"closed","ping_status":"closed","template":"page-blank.php","meta":{"footnotes":""},"class_list":["post-466","page","type-page","status-publish","hentry"],"_links":{"self":[{"href":"https:\/\/www.statusparty.jp\/vietnam\/wp-json\/wp\/v2\/pages\/466","targetHints":{"allow":["GET"]}}],"collection":[{"href":"https:\/\/www.statusparty.jp\/vietnam\/wp-json\/wp\/v2\/pages"}],"about":[{"href":"https:\/\/www.statusparty.jp\/vietnam\/wp-json\/wp\/v2\/types\/page"}],"author":[{"embeddable":true,"href":"https:\/\/www.statusparty.jp\/vietnam\/wp-json\/wp\/v2\/users\/1"}],"replies":[{"embeddable":true,"href":"https:\/\/www.statusparty.jp\/vietnam\/wp-json\/wp\/v2\/comments?post=466"}],"version-history":[{"count":3,"href":"https:\/\/www.statusparty.jp\/vietnam\/wp-json\/wp\/v2\/pages\/466\/revisions"}],"predecessor-version":[{"id":469,"href":"https:\/\/www.statusparty.jp\/vietnam\/wp-json\/wp\/v2\/pages\/466\/revisions\/469"}],"wp:attachment":[{"href":"https:\/\/www.statusparty.jp\/vietnam\/wp-json\/wp\/v2\/media?parent=466"}],"curies":[{"name":"wp","href":"https:\/\/api.w.org\/{rel}","templated":true}]}}